{"id":18,"date":"2016-02-02T16:49:49","date_gmt":"2016-02-02T18:49:49","guid":{"rendered":"http:\/\/llsra.lt\/en\/?page_id=18"},"modified":"2025-09-03T12:04:23","modified_gmt":"2025-09-03T09:04:23","slug":"about-us","status":"publish","type":"page","link":"https:\/\/llsra.lt\/en\/about-us\/","title":{"rendered":"About us"},"content":{"rendered":"<p class=\"text\" style=\"text-align: justify;\">Shipbuilding in Klaipeda was already mentioned in the middle of the 18-th century.<\/p>\n<p class=\"text\" style=\"text-align: justify;\">Association of Lithuania Shipbuilders and Repairers started activities only in April 28, 2003. Primary objectives of Association are coordination of activities of companies \u2013 Association members for solving common problems, representation and protection of interests delegated by Association members at state and international organizations of the Republic of Lithuania.<\/p>\n<p class=\"text\" style=\"text-align: justify;\">Association consists of 15 companies, having about\u00a0 3030 employees; total turnover amount to over 281 mln. EUR.<\/p>\n<p class=\"text\" style=\"text-align: justify;\">Main companies in Association: Shipbuilding Yard \u201cBaltija\u201d JSC, Western Shipyard JSC. These companies are the most great and up-to-date shipbuilding and shiprepair companies in the Baltic region.<\/p>\n<p class=\"text\">\n","protected":false},"excerpt":{"rendered":"<p>Shipbuilding in Klaipeda was already mentioned in the middle of the 18-th century. Association of Lithuania Shipbuilders and Repairers started&#8230;<\/p>\n","protected":false},"author":1,"featured_media":0,"parent":0,"menu_order":0,"comment_status":"closed","ping_status":"closed","template":"","meta":{"_acf_changed":false,"_exactmetrics_skip_tracking":false,"_exactmetrics_sitenote_active":false,"_exactmetrics_sitenote_note":"","_exactmetrics_sitenote_category":0,"footnotes":""},"class_list":["post-18","page","type-page","status-publish","hentry"],"acf":[],"yoast_head":"<!-- This site is optimized with the Yoast SEO plugin v27.4 - https:\/\/yoast.com\/product\/yoast-seo-wordpress\/ -->\n<title>About us - LLSRA<\/title>\n<meta name=\"robots\" content=\"index, follow, max-snippet:-1, max-image-preview:large, max-video-preview:-1\" \/>\n<link rel=\"canonical\" href=\"https:\/\/llsra.lt\/en\/about-us\/\" \/>\n<meta property=\"og:locale\" content=\"en_US\" \/>\n<meta property=\"og:type\" content=\"article\" \/>\n<meta property=\"og:title\" content=\"About us - LLSRA\" \/>\n<meta property=\"og:description\" content=\"Shipbuilding in Klaipeda was already mentioned in the middle of the 18-th century. Association of Lithuania Shipbuilders and Repairers started...\" \/>\n<meta property=\"og:url\" content=\"https:\/\/llsra.lt\/en\/about-us\/\" \/>\n<meta property=\"og:site_name\" content=\"LLSRA\" \/>\n<meta property=\"article:modified_time\" content=\"2025-09-03T09:04:23+00:00\" \/>\n<meta name=\"twitter:card\" content=\"summary_large_image\" \/>\n<meta name=\"twitter:label1\" content=\"Est. reading time\" \/>\n\t<meta name=\"twitter:data1\" content=\"1 minute\" \/>\n<script type=\"application\/ld+json\" class=\"yoast-schema-graph\">{\"@context\":\"https:\\\/\\\/schema.org\",\"@graph\":[{\"@type\":\"WebPage\",\"@id\":\"https:\\\/\\\/llsra.lt\\\/en\\\/about-us\\\/\",\"url\":\"https:\\\/\\\/llsra.lt\\\/en\\\/about-us\\\/\",\"name\":\"About us - LLSRA\",\"isPartOf\":{\"@id\":\"https:\\\/\\\/llsra.lt\\\/#website\"},\"datePublished\":\"2016-02-02T18:49:49+00:00\",\"dateModified\":\"2025-09-03T09:04:23+00:00\",\"breadcrumb\":{\"@id\":\"https:\\\/\\\/llsra.lt\\\/en\\\/about-us\\\/#breadcrumb\"},\"inLanguage\":\"en-US\",\"potentialAction\":[{\"@type\":\"ReadAction\",\"target\":[\"https:\\\/\\\/llsra.lt\\\/en\\\/about-us\\\/\"]}]},{\"@type\":\"BreadcrumbList\",\"@id\":\"https:\\\/\\\/llsra.lt\\\/en\\\/about-us\\\/#breadcrumb\",\"itemListElement\":[{\"@type\":\"ListItem\",\"position\":1,\"name\":\"Home\",\"item\":\"https:\\\/\\\/llsra.lt\\\/\"},{\"@type\":\"ListItem\",\"position\":2,\"name\":\"About us\"}]},{\"@type\":\"WebSite\",\"@id\":\"https:\\\/\\\/llsra.lt\\\/#website\",\"url\":\"https:\\\/\\\/llsra.lt\\\/\",\"name\":\"LLSRA\",\"description\":\"Lietuvos laiv\u0173 statytoj\u0173 ir remontinink\u0173 asociacija\",\"potentialAction\":[{\"@type\":\"SearchAction\",\"target\":{\"@type\":\"EntryPoint\",\"urlTemplate\":\"https:\\\/\\\/llsra.lt\\\/?s={search_term_string}\"},\"query-input\":{\"@type\":\"PropertyValueSpecification\",\"valueRequired\":true,\"valueName\":\"search_term_string\"}}],\"inLanguage\":\"en-US\"}]}<\/script>\n<!-- \/ Yoast SEO plugin. -->","yoast_head_json":{"title":"About us - LLSRA","robots":{"index":"index","follow":"follow","max-snippet":"max-snippet:-1","max-image-preview":"max-image-preview:large","max-video-preview":"max-video-preview:-1"},"canonical":"https:\/\/llsra.lt\/en\/about-us\/","og_locale":"en_US","og_type":"article","og_title":"About us - LLSRA","og_description":"Shipbuilding in Klaipeda was already mentioned in the middle of the 18-th century. Association of Lithuania Shipbuilders and Repairers started...","og_url":"https:\/\/llsra.lt\/en\/about-us\/","og_site_name":"LLSRA","article_modified_time":"2025-09-03T09:04:23+00:00","twitter_card":"summary_large_image","twitter_misc":{"Est. reading time":"1 minute"},"schema":{"@context":"https:\/\/schema.org","@graph":[{"@type":"WebPage","@id":"https:\/\/llsra.lt\/en\/about-us\/","url":"https:\/\/llsra.lt\/en\/about-us\/","name":"About us - LLSRA","isPartOf":{"@id":"https:\/\/llsra.lt\/#website"},"datePublished":"2016-02-02T18:49:49+00:00","dateModified":"2025-09-03T09:04:23+00:00","breadcrumb":{"@id":"https:\/\/llsra.lt\/en\/about-us\/#breadcrumb"},"inLanguage":"en-US","potentialAction":[{"@type":"ReadAction","target":["https:\/\/llsra.lt\/en\/about-us\/"]}]},{"@type":"BreadcrumbList","@id":"https:\/\/llsra.lt\/en\/about-us\/#breadcrumb","itemListElement":[{"@type":"ListItem","position":1,"name":"Home","item":"https:\/\/llsra.lt\/"},{"@type":"ListItem","position":2,"name":"About us"}]},{"@type":"WebSite","@id":"https:\/\/llsra.lt\/#website","url":"https:\/\/llsra.lt\/","name":"LLSRA","description":"Lietuvos laiv\u0173 statytoj\u0173 ir remontinink\u0173 asociacija","potentialAction":[{"@type":"SearchAction","target":{"@type":"EntryPoint","urlTemplate":"https:\/\/llsra.lt\/?s={search_term_string}"},"query-input":{"@type":"PropertyValueSpecification","valueRequired":true,"valueName":"search_term_string"}}],"inLanguage":"en-US"}]}},"_links":{"self":[{"href":"https:\/\/llsra.lt\/en\/wp-json\/wp\/v2\/pages\/18","targetHints":{"allow":["GET"]}}],"collection":[{"href":"https:\/\/llsra.lt\/en\/wp-json\/wp\/v2\/pages"}],"about":[{"href":"https:\/\/llsra.lt\/en\/wp-json\/wp\/v2\/types\/page"}],"author":[{"embeddable":true,"href":"https:\/\/llsra.lt\/en\/wp-json\/wp\/v2\/users\/1"}],"replies":[{"embeddable":true,"href":"https:\/\/llsra.lt\/en\/wp-json\/wp\/v2\/comments?post=18"}],"version-history":[{"count":11,"href":"https:\/\/llsra.lt\/en\/wp-json\/wp\/v2\/pages\/18\/revisions"}],"predecessor-version":[{"id":2785,"href":"https:\/\/llsra.lt\/en\/wp-json\/wp\/v2\/pages\/18\/revisions\/2785"}],"wp:attachment":[{"href":"https:\/\/llsra.lt\/en\/wp-json\/wp\/v2\/media?parent=18"}],"curies":[{"name":"wp","href":"https:\/\/api.w.org\/{rel}","templated":true}]}}