{"id":23,"date":"2016-02-02T16:50:43","date_gmt":"2016-02-02T18:50:43","guid":{"rendered":"http:\/\/llsra.lt\/en\/?page_id=23"},"modified":"2016-02-23T06:27:21","modified_gmt":"2016-02-23T08:27:21","slug":"statute","status":"publish","type":"page","link":"https:\/\/llsra.lt\/en\/statute\/","title":{"rendered":"Statute"},"content":{"rendered":"","protected":false},"excerpt":{"rendered":"","protected":false},"author":1,"featured_media":0,"parent":0,"menu_order":0,"comment_status":"closed","ping_status":"closed","template":"","meta":{"_acf_changed":false,"_exactmetrics_skip_tracking":false,"_exactmetrics_sitenote_active":false,"_exactmetrics_sitenote_note":"","_exactmetrics_sitenote_category":0,"footnotes":""},"class_list":["post-23","page","type-page","status-publish","hentry"],"acf":[],"yoast_head":"<!-- This site is optimized with the Yoast SEO plugin v27.3 - https:\/\/yoast.com\/product\/yoast-seo-wordpress\/ -->\n<title>Statute - LLSRA<\/title>\n<meta name=\"robots\" content=\"index, follow, max-snippet:-1, max-image-preview:large, max-video-preview:-1\" \/>\n<link rel=\"canonical\" href=\"https:\/\/llsra.lt\/en\/statute\/\" \/>\n<meta property=\"og:locale\" content=\"en_US\" \/>\n<meta property=\"og:type\" content=\"article\" \/>\n<meta property=\"og:title\" content=\"Statute - LLSRA\" \/>\n<meta property=\"og:url\" content=\"https:\/\/llsra.lt\/en\/statute\/\" \/>\n<meta property=\"og:site_name\" content=\"LLSRA\" \/>\n<meta property=\"article:modified_time\" content=\"2016-02-23T08:27:21+00:00\" \/>\n<meta name=\"twitter:card\" content=\"summary_large_image\" \/>\n<script type=\"application\/ld+json\" class=\"yoast-schema-graph\">{\"@context\":\"https:\\\/\\\/schema.org\",\"@graph\":[{\"@type\":\"WebPage\",\"@id\":\"https:\\\/\\\/llsra.lt\\\/en\\\/statute\\\/\",\"url\":\"https:\\\/\\\/llsra.lt\\\/en\\\/statute\\\/\",\"name\":\"Statute - LLSRA\",\"isPartOf\":{\"@id\":\"https:\\\/\\\/llsra.lt\\\/#website\"},\"datePublished\":\"2016-02-02T18:50:43+00:00\",\"dateModified\":\"2016-02-23T08:27:21+00:00\",\"breadcrumb\":{\"@id\":\"https:\\\/\\\/llsra.lt\\\/en\\\/statute\\\/#breadcrumb\"},\"inLanguage\":\"en-US\",\"potentialAction\":[{\"@type\":\"ReadAction\",\"target\":[\"https:\\\/\\\/llsra.lt\\\/en\\\/statute\\\/\"]}]},{\"@type\":\"BreadcrumbList\",\"@id\":\"https:\\\/\\\/llsra.lt\\\/en\\\/statute\\\/#breadcrumb\",\"itemListElement\":[{\"@type\":\"ListItem\",\"position\":1,\"name\":\"Home\",\"item\":\"https:\\\/\\\/llsra.lt\\\/\"},{\"@type\":\"ListItem\",\"position\":2,\"name\":\"Statute\"}]},{\"@type\":\"WebSite\",\"@id\":\"https:\\\/\\\/llsra.lt\\\/#website\",\"url\":\"https:\\\/\\\/llsra.lt\\\/\",\"name\":\"LLSRA\",\"description\":\"Lietuvos laiv\u0173 statytoj\u0173 ir remontinink\u0173 asociacija\",\"potentialAction\":[{\"@type\":\"SearchAction\",\"target\":{\"@type\":\"EntryPoint\",\"urlTemplate\":\"https:\\\/\\\/llsra.lt\\\/?s={search_term_string}\"},\"query-input\":{\"@type\":\"PropertyValueSpecification\",\"valueRequired\":true,\"valueName\":\"search_term_string\"}}],\"inLanguage\":\"en-US\"}]}<\/script>\n<!-- \/ Yoast SEO plugin. -->","yoast_head_json":{"title":"Statute - LLSRA","robots":{"index":"index","follow":"follow","max-snippet":"max-snippet:-1","max-image-preview":"max-image-preview:large","max-video-preview":"max-video-preview:-1"},"canonical":"https:\/\/llsra.lt\/en\/statute\/","og_locale":"en_US","og_type":"article","og_title":"Statute - LLSRA","og_url":"https:\/\/llsra.lt\/en\/statute\/","og_site_name":"LLSRA","article_modified_time":"2016-02-23T08:27:21+00:00","twitter_card":"summary_large_image","schema":{"@context":"https:\/\/schema.org","@graph":[{"@type":"WebPage","@id":"https:\/\/llsra.lt\/en\/statute\/","url":"https:\/\/llsra.lt\/en\/statute\/","name":"Statute - LLSRA","isPartOf":{"@id":"https:\/\/llsra.lt\/#website"},"datePublished":"2016-02-02T18:50:43+00:00","dateModified":"2016-02-23T08:27:21+00:00","breadcrumb":{"@id":"https:\/\/llsra.lt\/en\/statute\/#breadcrumb"},"inLanguage":"en-US","potentialAction":[{"@type":"ReadAction","target":["https:\/\/llsra.lt\/en\/statute\/"]}]},{"@type":"BreadcrumbList","@id":"https:\/\/llsra.lt\/en\/statute\/#breadcrumb","itemListElement":[{"@type":"ListItem","position":1,"name":"Home","item":"https:\/\/llsra.lt\/"},{"@type":"ListItem","position":2,"name":"Statute"}]},{"@type":"WebSite","@id":"https:\/\/llsra.lt\/#website","url":"https:\/\/llsra.lt\/","name":"LLSRA","description":"Lietuvos laiv\u0173 statytoj\u0173 ir remontinink\u0173 asociacija","potentialAction":[{"@type":"SearchAction","target":{"@type":"EntryPoint","urlTemplate":"https:\/\/llsra.lt\/?s={search_term_string}"},"query-input":{"@type":"PropertyValueSpecification","valueRequired":true,"valueName":"search_term_string"}}],"inLanguage":"en-US"}]}},"_links":{"self":[{"href":"https:\/\/llsra.lt\/en\/wp-json\/wp\/v2\/pages\/23","targetHints":{"allow":["GET"]}}],"collection":[{"href":"https:\/\/llsra.lt\/en\/wp-json\/wp\/v2\/pages"}],"about":[{"href":"https:\/\/llsra.lt\/en\/wp-json\/wp\/v2\/types\/page"}],"author":[{"embeddable":true,"href":"https:\/\/llsra.lt\/en\/wp-json\/wp\/v2\/users\/1"}],"replies":[{"embeddable":true,"href":"https:\/\/llsra.lt\/en\/wp-json\/wp\/v2\/comments?post=23"}],"version-history":[{"count":1,"href":"https:\/\/llsra.lt\/en\/wp-json\/wp\/v2\/pages\/23\/revisions"}],"predecessor-version":[{"id":24,"href":"https:\/\/llsra.lt\/en\/wp-json\/wp\/v2\/pages\/23\/revisions\/24"}],"wp:attachment":[{"href":"https:\/\/llsra.lt\/en\/wp-json\/wp\/v2\/media?parent=23"}],"curies":[{"name":"wp","href":"https:\/\/api.w.org\/{rel}","templated":true}]}}