{"id":31,"date":"2016-02-02T16:52:39","date_gmt":"2016-02-02T18:52:39","guid":{"rendered":"http:\/\/llsra.lt\/ru\/?page_id=31"},"modified":"2016-02-02T16:52:39","modified_gmt":"2016-02-02T18:52:39","slug":"chleny","status":"publish","type":"page","link":"https:\/\/llsra.lt\/ru\/chleny\/","title":{"rendered":"\u0427\u043b\u0435\u043d\u044b"},"content":{"rendered":"","protected":false},"excerpt":{"rendered":"","protected":false},"author":1,"featured_media":0,"parent":0,"menu_order":0,"comment_status":"closed","ping_status":"closed","template":"tpl-nariu-puslapis.php","meta":{"_acf_changed":false,"_exactmetrics_skip_tracking":false,"_exactmetrics_sitenote_active":false,"_exactmetrics_sitenote_note":"","_exactmetrics_sitenote_category":0,"footnotes":""},"class_list":["post-31","page","type-page","status-publish","hentry"],"acf":[],"yoast_head":"<!-- This site is optimized with the Yoast SEO plugin v27.3 - https:\/\/yoast.com\/product\/yoast-seo-wordpress\/ -->\n<title>\u0427\u043b\u0435\u043d\u044b - LLSRA<\/title>\n<meta name=\"robots\" content=\"index, follow, max-snippet:-1, max-image-preview:large, max-video-preview:-1\" \/>\n<link rel=\"canonical\" href=\"https:\/\/llsra.lt\/ru\/chleny\/\" \/>\n<meta property=\"og:locale\" content=\"ru_RU\" \/>\n<meta property=\"og:type\" content=\"article\" \/>\n<meta property=\"og:title\" content=\"\u0427\u043b\u0435\u043d\u044b - LLSRA\" \/>\n<meta property=\"og:url\" content=\"https:\/\/llsra.lt\/ru\/chleny\/\" \/>\n<meta property=\"og:site_name\" content=\"LLSRA\" \/>\n<meta name=\"twitter:card\" content=\"summary_large_image\" \/>\n<script type=\"application\/ld+json\" class=\"yoast-schema-graph\">{\"@context\":\"https:\\\/\\\/schema.org\",\"@graph\":[{\"@type\":\"WebPage\",\"@id\":\"https:\\\/\\\/llsra.lt\\\/ru\\\/chleny\\\/\",\"url\":\"https:\\\/\\\/llsra.lt\\\/ru\\\/chleny\\\/\",\"name\":\"\u0427\u043b\u0435\u043d\u044b - LLSRA\",\"isPartOf\":{\"@id\":\"https:\\\/\\\/llsra.lt\\\/#website\"},\"datePublished\":\"2016-02-02T18:52:39+00:00\",\"breadcrumb\":{\"@id\":\"https:\\\/\\\/llsra.lt\\\/ru\\\/chleny\\\/#breadcrumb\"},\"inLanguage\":\"ru-RU\",\"potentialAction\":[{\"@type\":\"ReadAction\",\"target\":[\"https:\\\/\\\/llsra.lt\\\/ru\\\/chleny\\\/\"]}]},{\"@type\":\"BreadcrumbList\",\"@id\":\"https:\\\/\\\/llsra.lt\\\/ru\\\/chleny\\\/#breadcrumb\",\"itemListElement\":[{\"@type\":\"ListItem\",\"position\":1,\"name\":\"Home\",\"item\":\"https:\\\/\\\/llsra.lt\\\/\"},{\"@type\":\"ListItem\",\"position\":2,\"name\":\"\u0427\u043b\u0435\u043d\u044b\"}]},{\"@type\":\"WebSite\",\"@id\":\"https:\\\/\\\/llsra.lt\\\/#website\",\"url\":\"https:\\\/\\\/llsra.lt\\\/\",\"name\":\"LLSRA\",\"description\":\"Lietuvos laiv\u0173 statytoj\u0173 ir remontinink\u0173 asociacija\",\"potentialAction\":[{\"@type\":\"SearchAction\",\"target\":{\"@type\":\"EntryPoint\",\"urlTemplate\":\"https:\\\/\\\/llsra.lt\\\/?s={search_term_string}\"},\"query-input\":{\"@type\":\"PropertyValueSpecification\",\"valueRequired\":true,\"valueName\":\"search_term_string\"}}],\"inLanguage\":\"ru-RU\"}]}<\/script>\n<!-- \/ Yoast SEO plugin. -->","yoast_head_json":{"title":"\u0427\u043b\u0435\u043d\u044b - LLSRA","robots":{"index":"index","follow":"follow","max-snippet":"max-snippet:-1","max-image-preview":"max-image-preview:large","max-video-preview":"max-video-preview:-1"},"canonical":"https:\/\/llsra.lt\/ru\/chleny\/","og_locale":"ru_RU","og_type":"article","og_title":"\u0427\u043b\u0435\u043d\u044b - LLSRA","og_url":"https:\/\/llsra.lt\/ru\/chleny\/","og_site_name":"LLSRA","twitter_card":"summary_large_image","schema":{"@context":"https:\/\/schema.org","@graph":[{"@type":"WebPage","@id":"https:\/\/llsra.lt\/ru\/chleny\/","url":"https:\/\/llsra.lt\/ru\/chleny\/","name":"\u0427\u043b\u0435\u043d\u044b - LLSRA","isPartOf":{"@id":"https:\/\/llsra.lt\/#website"},"datePublished":"2016-02-02T18:52:39+00:00","breadcrumb":{"@id":"https:\/\/llsra.lt\/ru\/chleny\/#breadcrumb"},"inLanguage":"ru-RU","potentialAction":[{"@type":"ReadAction","target":["https:\/\/llsra.lt\/ru\/chleny\/"]}]},{"@type":"BreadcrumbList","@id":"https:\/\/llsra.lt\/ru\/chleny\/#breadcrumb","itemListElement":[{"@type":"ListItem","position":1,"name":"Home","item":"https:\/\/llsra.lt\/"},{"@type":"ListItem","position":2,"name":"\u0427\u043b\u0435\u043d\u044b"}]},{"@type":"WebSite","@id":"https:\/\/llsra.lt\/#website","url":"https:\/\/llsra.lt\/","name":"LLSRA","description":"Lietuvos laiv\u0173 statytoj\u0173 ir remontinink\u0173 asociacija","potentialAction":[{"@type":"SearchAction","target":{"@type":"EntryPoint","urlTemplate":"https:\/\/llsra.lt\/?s={search_term_string}"},"query-input":{"@type":"PropertyValueSpecification","valueRequired":true,"valueName":"search_term_string"}}],"inLanguage":"ru-RU"}]}},"_links":{"self":[{"href":"https:\/\/llsra.lt\/ru\/wp-json\/wp\/v2\/pages\/31","targetHints":{"allow":["GET"]}}],"collection":[{"href":"https:\/\/llsra.lt\/ru\/wp-json\/wp\/v2\/pages"}],"about":[{"href":"https:\/\/llsra.lt\/ru\/wp-json\/wp\/v2\/types\/page"}],"author":[{"embeddable":true,"href":"https:\/\/llsra.lt\/ru\/wp-json\/wp\/v2\/users\/1"}],"replies":[{"embeddable":true,"href":"https:\/\/llsra.lt\/ru\/wp-json\/wp\/v2\/comments?post=31"}],"version-history":[{"count":1,"href":"https:\/\/llsra.lt\/ru\/wp-json\/wp\/v2\/pages\/31\/revisions"}],"predecessor-version":[{"id":32,"href":"https:\/\/llsra.lt\/ru\/wp-json\/wp\/v2\/pages\/31\/revisions\/32"}],"wp:attachment":[{"href":"https:\/\/llsra.lt\/ru\/wp-json\/wp\/v2\/media?parent=31"}],"curies":[{"name":"wp","href":"https:\/\/api.w.org\/{rel}","templated":true}]}}